{"id":5485,"date":"2023-07-20T22:45:27","date_gmt":"2023-07-21T04:45:27","guid":{"rendered":"https:\/\/beintoo.com\/informativa-gdpr-fornitori-clienti\/"},"modified":"2025-12-18T04:22:48","modified_gmt":"2025-12-18T10:22:48","slug":"informativa-gdpr-fornitori-clienti","status":"publish","type":"page","link":"https:\/\/beintoo.com\/es\/informativa-gdpr-fornitori-clienti\/","title":{"rendered":"Informativa GDPR Fornitori Clienti"},"content":{"rendered":"[vc_row type=\u00bbin_container\u00bb full_screen_row_position=\u00bbmiddle\u00bb column_margin=\u00bbdefault\u00bb column_direction=\u00bbdefault\u00bb column_direction_tablet=\u00bbdefault\u00bb column_direction_phone=\u00bbdefault\u00bb scene_position=\u00bbcenter\u00bb text_color=\u00bbdark\u00bb text_align=\u00bbleft\u00bb row_border_radius=\u00bbnone\u00bb row_border_radius_applies=\u00bbbg\u00bb overflow=\u00bbvisible\u00bb overlay_strength=\u00bb0.3&#8243; gradient_direction=\u00bbleft_to_right\u00bb shape_divider_position=\u00bbbottom\u00bb bg_image_animation=\u00bbnone\u00bb][vc_column column_padding=\u00bbno-extra-padding\u00bb column_padding_tablet=\u00bbinherit\u00bb column_padding_phone=\u00bbinherit\u00bb column_padding_position=\u00bball\u00bb column_element_direction_desktop=\u00bbdefault\u00bb column_element_spacing=\u00bbdefault\u00bb desktop_text_alignment=\u00bbdefault\u00bb tablet_text_alignment=\u00bbdefault\u00bb phone_text_alignment=\u00bbdefault\u00bb background_color_opacity=\u00bb1&#8243; background_hover_color_opacity=\u00bb1&#8243; column_backdrop_filter=\u00bbnone\u00bb column_shadow=\u00bbnone\u00bb column_border_radius=\u00bbnone\u00bb column_link_target=\u00bb_self\u00bb column_position=\u00bbdefault\u00bb gradient_direction=\u00bbleft_to_right\u00bb overlay_strength=\u00bb0.3&#8243; width=\u00bb1\/1&#8243; tablet_width_inherit=\u00bbdefault\u00bb animation_type=\u00bbdefault\u00bb bg_image_animation=\u00bbnone\u00bb border_type=\u00bbsimple\u00bb column_border_width=\u00bbnone\u00bb column_border_style=\u00bbsolid\u00bb][vc_column_text][\/vc_column_text][\/vc_column][\/vc_row][vc_row type=\u00bbin_container\u00bb full_screen_row_position=\u00bbmiddle\u00bb column_margin=\u00bbdefault\u00bb column_direction=\u00bbdefault\u00bb column_direction_tablet=\u00bbdefault\u00bb column_direction_phone=\u00bbdefault\u00bb scene_position=\u00bbcenter\u00bb text_color=\u00bbdark\u00bb text_align=\u00bbleft\u00bb row_border_radius=\u00bbnone\u00bb row_border_radius_applies=\u00bbbg\u00bb overflow=\u00bbvisible\u00bb overlay_strength=\u00bb0.3&#8243; gradient_direction=\u00bbleft_to_right\u00bb shape_divider_position=\u00bbbottom\u00bb bg_image_animation=\u00bbnone\u00bb][vc_column column_padding=\u00bbno-extra-padding\u00bb column_padding_tablet=\u00bbinherit\u00bb column_padding_phone=\u00bbinherit\u00bb column_padding_position=\u00bball\u00bb column_element_direction_desktop=\u00bbdefault\u00bb column_element_spacing=\u00bbdefault\u00bb desktop_text_alignment=\u00bbdefault\u00bb tablet_text_alignment=\u00bbdefault\u00bb phone_text_alignment=\u00bbdefault\u00bb background_color_opacity=\u00bb1&#8243; background_hover_color_opacity=\u00bb1&#8243; column_backdrop_filter=\u00bbnone\u00bb column_shadow=\u00bbnone\u00bb column_border_radius=\u00bbnone\u00bb column_link_target=\u00bb_self\u00bb column_position=\u00bbdefault\u00bb gradient_direction=\u00bbleft_to_right\u00bb overlay_strength=\u00bb0.3&#8243; width=\u00bb1\/1&#8243; tablet_width_inherit=\u00bbdefault\u00bb animation_type=\u00bbdefault\u00bb bg_image_animation=\u00bbnone\u00bb border_type=\u00bbsimple\u00bb column_border_width=\u00bbnone\u00bb column_border_style=\u00bbsolid\u00bb][vc_column_text]\n<div class=\"wp-block-group\"><div class=\"wp-block-group__inner-container is-layout-constrained wp-block-group-is-layout-constrained\">\n<h2 class=\"wp-block-heading has-x-large-font-size\"><\/h2>\n<h2 class=\"wp-block-heading has-x-large-font-size\">INFORMATIVA IN MATERIA DI PROTEZIONE DEI DATI PERSONALI<\/h2>\n<h2 class=\"wp-block-heading has-x-large-font-size\"><\/h2>\n\n<p><strong>ai sensi dell\u2019art. 13 del Regolamento UE 2016\/679 (\u201cGDPR\u201d)<\/strong><\/p>\n<h2 class=\"wp-block-heading has-x-large-font-size\"><\/h2>\n\n<p>Ai sensi e per gli effetti di quanto disposto dall\u2019art. 13 del Regolamento Europeo 2016\/679, ti informiamo che i tuoi dati personali verranno trattati attraverso strumenti elettronici e manuali.<\/p>\n<h2 class=\"wp-block-heading has-x-large-font-size\"><\/h2>\n\n<p>La presente informativa, redatta sulla base del principio della trasparenza e di tutti gli elementi richiesti dal GDPR, \u00e8 articolata in singole sezioni ognuna delle quali tratta uno specifico argomento in modo da rendere la lettura pi\u00f9 rapida, agevole e di facile comprensione (di seguito \u201cInformativa\u201d).<\/p>\n<h2 class=\"wp-block-heading has-x-large-font-size\"><\/h2>\n\n<p><strong>Titolare del trattamento<\/strong><\/p>\n<h2 class=\"wp-block-heading has-x-large-font-size\"><\/h2>\n\n<p>\u00b7 Il Titolare del trattamento \u00e8 Beintoo con sede legale in Paleocapa 3, Milano (\u201cTitolare\u201d).<\/p>\n<h2 class=\"wp-block-heading has-x-large-font-size\"><\/h2>\n\n<p><strong>Data Protection Officer<\/strong><\/p>\n<h2 class=\"wp-block-heading has-x-large-font-size\"><\/h2>\n\n<p>Il Titolare ha designato il Data Protection Officer (di seguito \u201cDPO\u201d) con sede in Viale Europa 48 &#8211; 20093 Cologno Monzese (MI). <br \/>Ai sensi dell\u2019art. 38, par. 4 GDPR, hai la possibilit\u00e0 di contattare il DPO, per tutte le questioni relative al trattamento dei tuoi dati personali e all\u2019esercizio dei diritti previsti dal GDPR, scrivendo alla seguente casella di posta elettronica infoprivacy.dpo@mediaset.it<\/p>\n<h2 class=\"wp-block-heading has-x-large-font-size\"><\/h2>\n\n<p><strong>Finalit\u00e0 del trattamento<\/strong><\/p>\n<h2 class=\"wp-block-heading has-x-large-font-size\"><\/h2>\n\n<p>La raccolta e il trattamento dei Suoi dati personali verranno effettuati, con o senza l\u2019ausilio di strumenti elettronici, tecnologie innovative e di ogni possibile software, per le seguenti finalit\u00e0:<\/p>\n<h2 class=\"wp-block-heading has-x-large-font-size\"><\/h2>\n\n<p>1) dare seguito alla richiesta di contatto presentata attraverso l\u2019apposito form;<br \/>2) laddove tu prestassi il relativo consenso, per l\u2019invio della newsletter informativa.<\/p>\n<h2 class=\"wp-block-heading has-x-large-font-size\"><\/h2>\n\n<p>Il conferimento dei dati \u00e8 necessario per il conseguimento della finalit\u00e0 n.1 e il mancato, parziale o inesatto conferimento potrebbe avere come conseguenza l\u2019impossibilit\u00e0 di conseguire la predetta finalit\u00e0; il consenso per la finalit\u00e0 n.2 \u00e8 invece facoltativo.<\/p>\n<h2 class=\"wp-block-heading has-x-large-font-size\"><\/h2>\n\n<p><strong>Base giuridica del trattamento<\/strong><\/p>\n<h2 class=\"wp-block-heading has-x-large-font-size\"><\/h2>\n\n<p>Il fondamento giuridico del trattamento:<\/p>\n<h2 class=\"wp-block-heading has-x-large-font-size\"><\/h2>\n\n<p>\u00b7 per la finalit\u00e0 n. 1 l\u2019esecuzione di misure precontrattuali, adottate su richiesta dell\u2019interessato, e\/o del contratto sottoscritto col Titolare;<br \/>\u00b7 per la finalit\u00e0 n. 2 \u00e8 il consenso (liberamente revocabile in qualsiasi momento).<\/p>\n<h2 class=\"wp-block-heading has-x-large-font-size\"><\/h2>\n\n<p><strong>Comunicazione dei dati<\/strong><\/p>\n<h2 class=\"wp-block-heading has-x-large-font-size\"><\/h2>\n\n<p>I dati personali saranno trattati esclusivamente da persone autorizzate al trattamento (art. 29 del GDPR) e da soggetti terzi eventualmente designati quali Responsabili del trattamento (art. 28 del GDPR) o che si configurano come Titolari autonomi, al fine di svolgere tutte le attivit\u00e0 di trattamento necessarie a perseguire le finalit\u00e0 dettagliate in questa Informativa. I dati potranno essere comunicati, inoltre, ad enti pubblici o all\u2019autorit\u00e0 giudiziaria e di pubblica sicurezza, ove richiesto per legge o per prevenire o reprimere la commissione di un reato.<\/p>\n<h2 class=\"wp-block-heading has-x-large-font-size\"><\/h2>\n\n<p><strong>Periodo di conservazione<\/strong><\/p>\n<h2 class=\"wp-block-heading has-x-large-font-size\"><\/h2>\n\n<p>Tutti i dati acquisiti verranno trattati per il periodo necessario al conseguimento delle finalit\u00e0 previste nella presente Informativa ed in particolare 12 mesi dal ricevimento della richiesta di contatto.<\/p>\n<h2 class=\"wp-block-heading has-x-large-font-size\"><\/h2>\n\n<p><strong>Ambito territoriale del trattamento<\/strong><\/p>\n<h2 class=\"wp-block-heading has-x-large-font-size\"><\/h2>\n\n<p>I dati personali saranno trattati dal Titolare all\u2019interno del territorio dell\u2019Unione Europea. Qualora per questioni di natura tecnica e\/o operativa si renda necessario avvalersi di soggetti ubicati al di fuori dell\u2019Unione Europea, ti informiamo sin d\u2019ora che il trasferimento avverr\u00e0 nel rispetto dei diritti e delle garanzie previsti dalla normativa vigente. Pertanto, il trasferimento dei dati personali a tali soggetti sar\u00e0 regolato in conformit\u00e0 a quanto previsto dal capo V del GDPR. In ogni caso, qualora i tuoi dati personali siano stati trattati al di fuori dell\u2019Unione Europea, potrai richiedere maggiori dettagli al Titolare, richiedendo evidenza delle specifiche garanzie adottate.<\/p>\n<h2 class=\"wp-block-heading has-x-large-font-size\"><\/h2>\n\n<p><strong>Diritti dell\u2019interessato<\/strong><\/p>\n<h2 class=\"wp-block-heading has-x-large-font-size\"><\/h2>\n\n<p>Ti ricordiamo che potrai esercitare i diritti previsti dagli artt. 15 e ss. del GDPR e, in particolare, richiedere:<\/p>\n<h2 class=\"wp-block-heading has-x-large-font-size\"><\/h2>\n\n<p>\u00b7 la conferma che sia o meno in corso un trattamento di dati personali che ti riguardano e di ottenere l\u2019accesso ai dati e alle seguenti informazioni: finalit\u00e0 del trattamento, categorie di dati personali, destinatari e\/o categorie di destinatari a cui i dati sono stati e\/o saranno comunicati, periodo di conservazione;<br \/>\u00b7 la rettifica dei dati personali inesatti che ti riguardano e\/o l\u2019integrazione dei dati personali incompleti, anche fornendo una dichiarazione integrativa;<br \/>\u00b7 la cancellazione dei dati personali, nei casi previsti dal GDPR;<br \/>\u00b7 la limitazione al trattamento, nei casi previsti dal GDPR;<br \/>\u00b7 la portabilit\u00e0 dei dati che ti riguardano e\/o la trasmissione diretta dei tuoi dati a un altro Titolare del trattamento, qualora il trattamento sia basato sul consenso o sia necessario per l\u2019esecuzione di un contratto e sia effettuato con mezzi automatizzati;<br \/>\u00b7 l\u2019opposizione al trattamento in qualsiasi momento, per motivi connessi alla tua situazione particolare, nei casi previsti dal GDPR.<\/p>\n<h2 class=\"wp-block-heading has-x-large-font-size\"><\/h2>\n\n<p>Potrai esercitare i tuoi diritti scrivendo alla seguente casella di posta elettronica infoprivacy@mediaset.it. In ogni caso, qualora ritenessi che il trattamento dei tuoi dati sia contrario alla normativa privacy vigente, ti informiamo che puoi, in qualsiasi momento, proporre reclamo all\u2019Autorit\u00e0 di controllo competente (Garante per la Protezione dei Dati Personali), ai sensi dell\u2019art. 77 GDPR.<\/p>\n<h2 class=\"wp-block-heading has-x-large-font-size\"><\/h2>\n\n<p>Versione 1 (V1); 18 dicembre 2025<\/p>\n<h2 class=\"wp-block-heading has-x-large-font-size\"><\/h2>\n<p><\/div><\/div>\n\n<p>&nbsp;<\/p>\n<div id=\"professor_prebid-root\">\u00a0<\/div>\n<div id=\"professor_prebid-root\">\u00a0<\/div>\n[\/vc_column_text][\/vc_column][\/vc_row]\n","protected":false},"excerpt":{"rendered":"<p>[vc_row type=\u00bbin_container\u00bb full_screen_row_position=\u00bbmiddle\u00bb column_margin=\u00bbdefault\u00bb column_direction=\u00bbdefault\u00bb column_direction_tablet=\u00bbdefault\u00bb column_direction_phone=\u00bbdefault\u00bb scene_position=\u00bbcenter\u00bb text_color=\u00bbdark\u00bb text_align=\u00bbleft\u00bb row_border_radius=\u00bbnone\u00bb row_border_radius_applies=\u00bbbg\u00bb overflow=\u00bbvisible\u00bb overlay_strength=\u00bb0.3&#8243; gradient_direction=\u00bbleft_to_right\u00bb shape_divider_position=\u00bbbottom\u00bb bg_image_animation=\u00bbnone\u00bb][vc_column column_padding=\u00bbno-extra-padding\u00bb column_padding_tablet=\u00bbinherit\u00bb column_padding_phone=\u00bbinherit\u00bb column_padding_position=\u00bball\u00bb column_element_direction_desktop=\u00bbdefault\u00bb column_element_spacing=\u00bbdefault\u00bb desktop_text_alignment=\u00bbdefault\u00bb tablet_text_alignment=\u00bbdefault\u00bb phone_text_alignment=\u00bbdefault\u00bb background_color_opacity=\u00bb1&#8243; background_hover_color_opacity=\u00bb1&#8243; column_backdrop_filter=\u00bbnone\u00bb column_shadow=\u00bbnone\u00bb&#8230;<\/p>\n","protected":false},"author":24,"featured_media":0,"parent":0,"menu_order":0,"comment_status":"closed","ping_status":"closed","template":"","meta":{"_acf_changed":false,"_seopress_robots_primary_cat":"","_seopress_titles_title":"","_seopress_titles_desc":"","_seopress_robots_index":"","inline_featured_image":false,"footnotes":""},"class_list":["post-5485","page","type-page","status-publish"],"acf":[],"_links":{"self":[{"href":"https:\/\/beintoo.com\/es\/wp-json\/wp\/v2\/pages\/5485","targetHints":{"allow":["GET"]}}],"collection":[{"href":"https:\/\/beintoo.com\/es\/wp-json\/wp\/v2\/pages"}],"about":[{"href":"https:\/\/beintoo.com\/es\/wp-json\/wp\/v2\/types\/page"}],"author":[{"embeddable":true,"href":"https:\/\/beintoo.com\/es\/wp-json\/wp\/v2\/users\/24"}],"replies":[{"embeddable":true,"href":"https:\/\/beintoo.com\/es\/wp-json\/wp\/v2\/comments?post=5485"}],"version-history":[{"count":6,"href":"https:\/\/beintoo.com\/es\/wp-json\/wp\/v2\/pages\/5485\/revisions"}],"predecessor-version":[{"id":26407,"href":"https:\/\/beintoo.com\/es\/wp-json\/wp\/v2\/pages\/5485\/revisions\/26407"}],"wp:attachment":[{"href":"https:\/\/beintoo.com\/es\/wp-json\/wp\/v2\/media?parent=5485"}],"curies":[{"name":"wp","href":"https:\/\/api.w.org\/{rel}","templated":true}]}}